{"id":1074,"date":"2021-05-20T00:11:36","date_gmt":"2021-05-19T22:11:36","guid":{"rendered":"http:\/\/www.iesjavirtual.es\/revista\/?page_id=1074"},"modified":"2021-05-20T00:11:36","modified_gmt":"2021-05-19T22:11:36","slug":"radio-j-aldecoa","status":"publish","type":"page","link":"http:\/\/www.iesjavirtual.es\/revista\/radio-j-aldecoa\/","title":{"rendered":"Radio J.Aldecoa"},"content":{"rendered":"<h4>Episodio 1 &#8211; La Educaci\u00f3n<\/h4>\n<h6>\u00cdndice<\/h6>\n<ul>\n<li>00:00 &#8211; Pr\u00f3logo<\/li>\n<li>02:25 &#8211; Inicio<\/li>\n<li>03:00 &#8211; Entrevista a Marta (profesora de instituto)<\/li>\n<li>11:20 &#8211; El valor de la educaci\u00f3n (Luis)<\/li>\n<li>15:09 &#8211; Relaci\u00f3n entre educaci\u00f3n y econom\u00eda (David Caba\u00f1as)<\/li>\n<li>20:52 &#8211; Reflexiones en voz alta (Leonor)<\/li>\n<li>25:00 &#8211; Reflexi\u00f3n sobra la campa\u00f1a contra la Covid-19 (Mar\u00eda Teresa)<\/li>\n<\/ul>\n<!--[if lt IE 9]><script>document.createElement('audio');<\/script><![endif]-->\n<audio class=\"wp-audio-shortcode\" id=\"audio-1074-1\" preload=\"none\" style=\"width: 100%;\" controls=\"controls\"><source type=\"audio\/mpeg\" src=\"http:\/\/www.iesjavirtual.es\/revista\/wp-content\/uploads\/2021\/05\/podcast-completo.mp3?_=1\" \/><a href=\"http:\/\/www.iesjavirtual.es\/revista\/wp-content\/uploads\/2021\/05\/podcast-completo.mp3\">http:\/\/www.iesjavirtual.es\/revista\/wp-content\/uploads\/2021\/05\/podcast-completo.mp3<\/a><\/audio>\n","protected":false},"excerpt":{"rendered":"<p>Episodio 1 &#8211; La Educaci\u00f3n \u00cdndice 00:00 &#8211; Pr\u00f3logo 02:25 &#8211; Inicio 03:00 &#8211; Entrevista a Marta (profesora de instituto) 11:20 &#8211; El valor de la educaci\u00f3n (Luis) 15:09 &#8211; Relaci\u00f3n entre educaci\u00f3n y econom\u00eda (David Caba\u00f1as) 20:52 &#8211; Reflexiones en voz alta (Leonor) 25:00 &#8211; Reflexi\u00f3n sobra la campa\u00f1a contra la Covid-19 (Mar\u00eda Teresa) [&hellip;]<\/p>\n","protected":false},"author":27,"featured_media":0,"parent":0,"menu_order":0,"comment_status":"closed","ping_status":"closed","template":"","meta":[],"_links":{"self":[{"href":"http:\/\/www.iesjavirtual.es\/revista\/wp-json\/wp\/v2\/pages\/1074"}],"collection":[{"href":"http:\/\/www.iesjavirtual.es\/revista\/wp-json\/wp\/v2\/pages"}],"about":[{"href":"http:\/\/www.iesjavirtual.es\/revista\/wp-json\/wp\/v2\/types\/page"}],"author":[{"embeddable":true,"href":"http:\/\/www.iesjavirtual.es\/revista\/wp-json\/wp\/v2\/users\/27"}],"replies":[{"embeddable":true,"href":"http:\/\/www.iesjavirtual.es\/revista\/wp-json\/wp\/v2\/comments?post=1074"}],"version-history":[{"count":1,"href":"http:\/\/www.iesjavirtual.es\/revista\/wp-json\/wp\/v2\/pages\/1074\/revisions"}],"predecessor-version":[{"id":1075,"href":"http:\/\/www.iesjavirtual.es\/revista\/wp-json\/wp\/v2\/pages\/1074\/revisions\/1075"}],"wp:attachment":[{"href":"http:\/\/www.iesjavirtual.es\/revista\/wp-json\/wp\/v2\/media?parent=1074"}],"curies":[{"name":"wp","href":"https:\/\/api.w.org\/{rel}","templated":true}]}}